{"id":11,"date":"2023-09-11T11:33:20","date_gmt":"2023-09-11T11:33:20","guid":{"rendered":"https:\/\/signedidsecured.com\/?page_id=11"},"modified":"2025-12-22T07:20:49","modified_gmt":"2025-12-22T07:20:49","slug":"inicio","status":"publish","type":"page","link":"https:\/\/signedidsecured.com\/","title":{"rendered":"Inicio"},"content":{"rendered":"<p>[et_pb_section fb_built=\u00bb1&#8243; _builder_version=\u00bb4.27.4&#8243; _module_preset=\u00bbdefault\u00bb background_color=\u00bb#000000&#8243; background_enable_image=\u00bboff\u00bb background_blend=\u00bboverlay\u00bb custom_padding=\u00bb36px||36px||true|false\u00bb global_colors_info=\u00bb{}\u00bb][et_pb_row _builder_version=\u00bb4.22.1&#8243; _module_preset=\u00bbdefault\u00bb global_colors_info=\u00bb{}\u00bb][et_pb_column type=\u00bb4_4&#8243; _builder_version=\u00bb4.22.1&#8243; _module_preset=\u00bbdefault\u00bb global_colors_info=\u00bb{}\u00bb][et_pb_text _builder_version=\u00bb4.22.1&#8243; _module_preset=\u00bbdefault\u00bb text_line_height=\u00bb2em\u00bb header_font=\u00bb|700|||||||\u00bb header_text_color=\u00bb#ffffff\u00bb header_font_size=\u00bb40px\u00bb header_2_text_align=\u00bbjustify\u00bb header_2_text_color=\u00bb#FFFFFF\u00bb header_2_line_height=\u00bb1.6em\u00bb header_font_size_tablet=\u00bb40px\u00bb header_font_size_phone=\u00bb36px\u00bb header_font_size_last_edited=\u00bbon|phone\u00bb global_colors_info=\u00bb{}\u00bb]<\/p>\n<h1>Signed<span style=\"color: #f59a0e;\">Id<\/span>Secured<\/h1>\n<h2>Envia tus documentos para que puedan ser firmados desde cualquier lugar.<\/h2>\n<p>[\/et_pb_text][\/et_pb_column][\/et_pb_row][\/et_pb_section][et_pb_section fb_built=\u00bb1&#8243; _builder_version=\u00bb4.27.4&#8243; _module_preset=\u00bbdefault\u00bb background_color=\u00bb#000000&#8243; global_colors_info=\u00bb{}\u00bb][et_pb_row column_structure=\u00bb1_2,1_2&#8243; _builder_version=\u00bb4.22.1&#8243; _module_preset=\u00bbdefault\u00bb global_colors_info=\u00bb{}\u00bb][et_pb_column type=\u00bb1_2&#8243; _builder_version=\u00bb4.22.1&#8243; _module_preset=\u00bbdefault\u00bb global_colors_info=\u00bb{}\u00bb][et_pb_image src=\u00bbhttps:\/\/signedidsecured.com\/wp-content\/uploads\/2023\/09\/0-e73f2d90-a777-488b-a7c9-4c42411561cd-512&#215;512.jpg\u00bb _builder_version=\u00bb4.22.1&#8243; _module_preset=\u00bbdefault\u00bb global_colors_info=\u00bb{}\u00bb][\/et_pb_image][\/et_pb_column][et_pb_column type=\u00bb1_2&#8243; _builder_version=\u00bb4.22.1&#8243; _module_preset=\u00bbdefault\u00bb global_colors_info=\u00bb{}\u00bb][et_pb_text _builder_version=\u00bb4.22.1&#8243; _module_preset=\u00bbdefault\u00bb text_text_color=\u00bb#FFFFFF\u00bb text_font_size=\u00bb18px\u00bb text_line_height=\u00bb2em\u00bb header_2_font=\u00bb|700|||||||\u00bb header_2_text_color=\u00bb#f59a0e\u00bb header_2_font_size=\u00bb20px\u00bb header_2_line_height=\u00bb2em\u00bb text_orientation=\u00bbjustified\u00bb global_colors_info=\u00bb{}\u00bb]<\/p>\n<h2>Firme sus documentos con total seguridad jur\u00eddica<\/h2>\n<p>\u00a1Asegura la integridad de tus documentos con nuestra innovadora firma digital de documentos! En SignedIdSecured, te brindamos la soluci\u00f3n perfecta para enviar tus archivos y garantizar que puedan ser firmados de manera segura y desde cualquier lugar del mundo. Nuestro sistema confiable y eficiente te permite proteger la confidencialidad y autenticidad de tus documentos, lo que te brinda la tranquilidad de que tus transacciones y contratos est\u00e1n respaldados por una firma digital legalmente v\u00e1lida. Ahorra tiempo, evita complicaciones y conf\u00eda en nuestra plataforma l\u00edder en el mercado. \u00a1Descubre el poder de la firma digital hoy mismo con SignedIdSecured!<\/p>\n<p>[\/et_pb_text][\/et_pb_column][\/et_pb_row][\/et_pb_section][et_pb_section fb_built=\u00bb1&#8243; _builder_version=\u00bb4.27.4&#8243; _module_preset=\u00bbdefault\u00bb background_color=\u00bb#000000&#8243; background_image=\u00bbhttps:\/\/signedidsecured.com\/wp-content\/uploads\/2023\/09\/2-002afc78-26fe-4cf3-8669-4b2197461801-512&#215;512.jpg\u00bb background_blend=\u00bboverlay\u00bb global_colors_info=\u00bb{}\u00bb][et_pb_row column_structure=\u00bb1_4,3_4&#8243; _builder_version=\u00bb4.22.1&#8243; _module_preset=\u00bbdefault\u00bb global_colors_info=\u00bb{}\u00bb][et_pb_column type=\u00bb1_4&#8243; _builder_version=\u00bb4.22.1&#8243; _module_preset=\u00bbdefault\u00bb global_colors_info=\u00bb{}\u00bb][et_pb_image src=\u00bbhttps:\/\/signedidsecured.com\/wp-content\/uploads\/2023\/09\/Logo-SignedIdSecured.jpg\u00bb title_text=\u00bbLogo SignedIdSecured\u00bb _builder_version=\u00bb4.22.1&#8243; _module_preset=\u00bbdefault\u00bb global_colors_info=\u00bb{}\u00bb][\/et_pb_image][\/et_pb_column][et_pb_column type=\u00bb3_4&#8243; _builder_version=\u00bb4.22.1&#8243; _module_preset=\u00bbdefault\u00bb global_colors_info=\u00bb{}\u00bb][et_pb_text _builder_version=\u00bb4.22.1&#8243; _module_preset=\u00bbdefault\u00bb text_text_color=\u00bb#FFFFFF\u00bb text_font_size=\u00bb18px\u00bb text_line_height=\u00bb2em\u00bb header_3_font=\u00bb|700||on|||||\u00bb header_3_text_align=\u00bbleft\u00bb header_3_text_color=\u00bb#f59a0e\u00bb header_3_line_height=\u00bb2em\u00bb text_orientation=\u00bbjustified\u00bb global_colors_info=\u00bb{}\u00bb]<\/p>\n<h3>Envia documentos y recibelos una vez firmados<\/h3>\n<p>Env\u00eda y recibe contratos de forma r\u00e1pida y segura. Nuestra plataforma te permite enviar tus documentos para que sean firmados desde cualquier lugar y recibirlos una vez est\u00e9n completados. Simplifica tus tr\u00e1mites legales y agiliza tus negociaciones con la confianza de utilizar nuestra innovadora firma digital de documentos. En SignedIdSecured, nos aseguramos de que tus contratos sean entregados y recibidos de manera eficiente y sin complicaciones. No pierdas tiempo ni recursos en m\u00e9todos tradicionales, conf\u00eda en nuestra plataforma l\u00edder en el mercado para enviar y recibir contratos con total seguridad jur\u00eddica. Descubre hoy mismo el poder de la firma digital con SignedIdSecured.<\/p>\n<p>[\/et_pb_text][\/et_pb_column][\/et_pb_row][\/et_pb_section][et_pb_section fb_built=\u00bb1&#8243; _builder_version=\u00bb4.27.4&#8243; _module_preset=\u00bbdefault\u00bb background_color=\u00bb#000000&#8243; global_colors_info=\u00bb{}\u00bb][et_pb_row column_structure=\u00bb1_2,1_2&#8243; _builder_version=\u00bb4.22.1&#8243; _module_preset=\u00bbdefault\u00bb global_colors_info=\u00bb{}\u00bb][et_pb_column type=\u00bb1_2&#8243; _builder_version=\u00bb4.22.1&#8243; _module_preset=\u00bbdefault\u00bb global_colors_info=\u00bb{}\u00bb][et_pb_blurb title=\u00bbRecursos humanos\u00bb image=\u00bbhttps:\/\/signedidsecured.com\/wp-content\/uploads\/2023\/09\/3-322478cd-66ad-4e6f-a3b9-175a411f2336-512&#215;512.jpg\u00bb image_icon_width=\u00bb50%\u00bb _builder_version=\u00bb4.22.1&#8243; _module_preset=\u00bbdefault\u00bb header_font=\u00bb|||on|||||\u00bb header_text_align=\u00bbcenter\u00bb header_text_color=\u00bb#f59a0e\u00bb body_text_color=\u00bb#FFFFFF\u00bb body_font_size=\u00bb16px\u00bb global_colors_info=\u00bb{}\u00bb]<\/p>\n<p>Agilice sus procesos legales y ahorre tiempo al firmar contratos de recursos humanos con nuestra innovadora plataforma de firma digital de documentos. En SignedIdSecured, le ofrecemos una soluci\u00f3n perfecta para simplificar y agilizar sus tr\u00e1mites legales en el \u00e1mbito de recursos humanos. Env\u00ede y reciba contratos de forma r\u00e1pida, segura y desde cualquier lugar del mundo. Nuestra plataforma l\u00edder en el mercado garantiza la integridad, confidencialidad y autenticidad de sus documentos, respaldados por una firma digital legalmente v\u00e1lida. No pierda tiempo ni recursos en m\u00e9todos tradicionales, conf\u00ede en nosotros para firmar sus contratos de recursos humanos con total seguridad jur\u00eddica. Descubra hoy mismo el poder de la firma digital con Firma digital de documentos.<\/p>\n<p>[\/et_pb_blurb][\/et_pb_column][et_pb_column type=\u00bb1_2&#8243; _builder_version=\u00bb4.22.1&#8243; _module_preset=\u00bbdefault\u00bb global_colors_info=\u00bb{}\u00bb][et_pb_blurb title=\u00bbNegocios y ventas\u00bb image=\u00bbhttps:\/\/signedidsecured.com\/wp-content\/uploads\/2023\/09\/1-51d37eb0-8b64-4a42-8d89-d30a9b0ee886-512&#215;512.jpg\u00bb image_icon_width=\u00bb50%\u00bb _builder_version=\u00bb4.22.1&#8243; _module_preset=\u00bbdefault\u00bb header_font=\u00bb|||on|||||\u00bb header_text_align=\u00bbcenter\u00bb header_text_color=\u00bb#f59a0e\u00bb body_text_color=\u00bb#FFFFFF\u00bb body_font_size=\u00bb16px\u00bb global_colors_info=\u00bb{}\u00bb]<\/p>\n<p>Recupera tus contratos firmados de manera m\u00e1s r\u00e1pida y eficiente con nuestra plataforma de firma digital en l\u00ednea. En SignedIdSecured, te ofrecemos la soluci\u00f3n perfecta para simplificar y agilizar tus tr\u00e1mites legales. Env\u00eda y firma tus contratos de forma segura y desde cualquier lugar del mundo. Conf\u00eda en nuestra plataforma l\u00edder en el mercado, respaldada por una firma digital legalmente v\u00e1lida, y no pierdas tiempo ni recursos en m\u00e9todos tradicionales. Descubre hoy mismo el poder de la firma digital con SignedIdSecured.<\/p>\n<p>[\/et_pb_blurb][\/et_pb_column][\/et_pb_row][\/et_pb_section][et_pb_section fb_built=\u00bb1&#8243; _builder_version=\u00bb4.27.4&#8243; _module_preset=\u00bbdefault\u00bb background_color=\u00bb#000000&#8243; background_image=\u00bbhttps:\/\/signedidsecured.com\/wp-content\/uploads\/2023\/09\/0-df62ce7a-2205-4ae1-84c4-e279f03c9658-512&#215;512.jpg\u00bb background_blend=\u00bbdarken\u00bb global_colors_info=\u00bb{}\u00bb][et_pb_row column_structure=\u00bb3_4,1_4&#8243; _builder_version=\u00bb4.22.1&#8243; _module_preset=\u00bbdefault\u00bb global_colors_info=\u00bb{}\u00bb][et_pb_column type=\u00bb3_4&#8243; _builder_version=\u00bb4.22.1&#8243; _module_preset=\u00bbdefault\u00bb global_colors_info=\u00bb{}\u00bb][et_pb_text _builder_version=\u00bb4.22.1&#8243; _module_preset=\u00bbdefault\u00bb text_text_color=\u00bb#FFFFFF\u00bb text_font_size=\u00bb16px\u00bb text_line_height=\u00bb2em\u00bb header_2_font=\u00bb|700|||||||\u00bb header_2_text_color=\u00bb#FFFFFF\u00bb header_2_line_height=\u00bb1.6em\u00bb header_3_font=\u00bb|700|||||||\u00bb header_3_text_color=\u00bb#f59a0e\u00bb header_3_font_size=\u00bb20px\u00bb header_3_line_height=\u00bb2em\u00bb global_colors_info=\u00bb{}\u00bb]<\/p>\n<h3>\u00bfEst\u00e1s cansado de lidiar con la burocracia y la lentitud de los tr\u00e1mites legales?<\/h3>\n<p><strong>\u00a1La soluci\u00f3n est\u00e1 aqu\u00ed!<\/strong> Bienvenido a SignedIdSecured, donde puedes enviar y recibir tus contratos de forma r\u00e1pida, segura y desde cualquier lugar del mundo. Nuestra plataforma l\u00edder en el mercado te ofrece la tranquilidad de una firma digital legalmente v\u00e1lida, respaldando la integridad, confidencialidad y autenticidad de tus documentos. Simplifica tus tr\u00e1mites legales, ahorra tiempo y recursos, y descubre hoy mismo el poder de la firma digital con SignedIdSecured.<\/p>\n<p><strong>Da el salto a la firma digital hoy mismo.<\/strong><\/p>\n<h2>Ll\u00e1manos y un experto te asesorar\u00e1 y guiar\u00e1 en el proceso de cambio<\/h2>\n<p>[\/et_pb_text][\/et_pb_column][et_pb_column type=\u00bb1_4&#8243; _builder_version=\u00bb4.22.1&#8243; _module_preset=\u00bbdefault\u00bb global_colors_info=\u00bb{}\u00bb][et_pb_blurb title=\u00bbTel\u00e9fono\u00bb use_icon=\u00bbon\u00bb font_icon=\u00bb&#xe090;||divi||400&#8243; icon_color=\u00bb#FFFFFF\u00bb icon_placement=\u00bbleft\u00bb image_icon_width=\u00bb46px\u00bb _builder_version=\u00bb4.22.1&#8243; _module_preset=\u00bbdefault\u00bb background_layout=\u00bbdark\u00bb global_colors_info=\u00bb{}\u00bb]<\/p>\n<p>91 623 31 49<\/p>\n<p>[\/et_pb_blurb][et_pb_blurb title=\u00bbCorreo Electr\u00f3nico\u00bb use_icon=\u00bbon\u00bb font_icon=\u00bb&#xe076;||divi||400&#8243; icon_color=\u00bb#FFFFFF\u00bb icon_placement=\u00bbleft\u00bb image_icon_width=\u00bb46px\u00bb _builder_version=\u00bb4.22.1&#8243; _module_preset=\u00bbdefault\u00bb background_layout=\u00bbdark\u00bb global_colors_info=\u00bb{}\u00bb]<\/p>\n<p>dinanet@dinanet.com<\/p>\n<p>[\/et_pb_blurb][\/et_pb_column][\/et_pb_row][\/et_pb_section]<\/p>\n","protected":false},"excerpt":{"rendered":"<p>SignedIdSecured Envia tus documentos para que puedan ser firmados desde cualquier lugar.Firme sus documentos con total seguridad jur\u00eddica \u00a1Asegura la integridad de tus documentos con nuestra innovadora firma digital de documentos! En SignedIdSecured, te brindamos la soluci\u00f3n perfecta para enviar tus archivos y garantizar que puedan ser firmados de manera segura y desde cualquier lugar [&hellip;]<\/p>\n","protected":false},"author":1,"featured_media":0,"parent":0,"menu_order":0,"comment_status":"closed","ping_status":"closed","template":"","meta":{"_et_pb_use_builder":"on","_et_pb_old_content":"","_et_gb_content_width":"","footnotes":""},"class_list":["post-11","page","type-page","status-publish","hentry"],"_links":{"self":[{"href":"https:\/\/signedidsecured.com\/index.php?rest_route=\/wp\/v2\/pages\/11","targetHints":{"allow":["GET"]}}],"collection":[{"href":"https:\/\/signedidsecured.com\/index.php?rest_route=\/wp\/v2\/pages"}],"about":[{"href":"https:\/\/signedidsecured.com\/index.php?rest_route=\/wp\/v2\/types\/page"}],"author":[{"embeddable":true,"href":"https:\/\/signedidsecured.com\/index.php?rest_route=\/wp\/v2\/users\/1"}],"replies":[{"embeddable":true,"href":"https:\/\/signedidsecured.com\/index.php?rest_route=%2Fwp%2Fv2%2Fcomments&post=11"}],"version-history":[{"count":19,"href":"https:\/\/signedidsecured.com\/index.php?rest_route=\/wp\/v2\/pages\/11\/revisions"}],"predecessor-version":[{"id":67,"href":"https:\/\/signedidsecured.com\/index.php?rest_route=\/wp\/v2\/pages\/11\/revisions\/67"}],"wp:attachment":[{"href":"https:\/\/signedidsecured.com\/index.php?rest_route=%2Fwp%2Fv2%2Fmedia&parent=11"}],"curies":[{"name":"wp","href":"https:\/\/api.w.org\/{rel}","templated":true}]}}